{"id":2528,"date":"2022-05-03T10:21:32","date_gmt":"2022-05-03T10:21:32","guid":{"rendered":"https:\/\/www.mcbiotech.it\/accueil-2\/"},"modified":"2022-05-03T10:21:34","modified_gmt":"2022-05-03T10:21:34","slug":"accueil-2","status":"publish","type":"page","link":"https:\/\/www.mcbiotech.it\/fr\/","title":{"rendered":"Accueil"},"content":{"rendered":"\t\t<div data-elementor-type=\"wp-page\" data-elementor-id=\"2528\" class=\"elementor elementor-2528 elementor-2278\">\n\t\t\t\t\t\t<div class=\"elementor-inner\">\n\t\t\t\t<div class=\"elementor-section-wrap\">\n\t\t\t\t\t\t\t\t\t<section class=\"elementor-section elementor-top-section elementor-element elementor-element-be570fe elementor-section-full_width elementor-section-stretched elementor-section-height-default elementor-section-height-default\" data-id=\"be570fe\" data-element_type=\"section\" data-settings=\"{&quot;stretch_section&quot;:&quot;section-stretched&quot;}\">\n\t\t\t\t\t\t<div class=\"elementor-container elementor-column-gap-default\">\n\t\t\t\t\t\t\t<div class=\"elementor-row\">\n\t\t\t\t\t<div class=\"elementor-column elementor-col-100 elementor-top-column elementor-element elementor-element-c8ea9be\" data-id=\"c8ea9be\" data-element_type=\"column\">\n\t\t\t<div class=\"elementor-column-wrap elementor-element-populated\">\n\t\t\t\t\t\t\t<div class=\"elementor-widget-wrap\">\n\t\t\t\t\t\t<div class=\"elementor-element elementor-element-34574e9 elementor-widget elementor-widget-shortcode\" data-id=\"34574e9\" data-element_type=\"widget\" data-widget_type=\"shortcode.default\">\n\t\t\t\t<div class=\"elementor-widget-container\">\n\t\t\t\t\t<div class=\"elementor-shortcode\"><\/div>\n\t\t\t\t<\/div>\n\t\t\t\t<\/div>\n\t\t\t\t\t\t<\/div>\n\t\t\t\t\t<\/div>\n\t\t<\/div>\n\t\t\t\t\t\t\t\t<\/div>\n\t\t\t\t\t<\/div>\n\t\t<\/section>\n\t\t\t\t<section class=\"elementor-section elementor-top-section elementor-element elementor-element-58b2bef elementor-section-boxed elementor-section-height-default elementor-section-height-default\" data-id=\"58b2bef\" data-element_type=\"section\" id=\"scopri\">\n\t\t\t\t\t\t<div class=\"elementor-container elementor-column-gap-wider\">\n\t\t\t\t\t\t\t<div class=\"elementor-row\">\n\t\t\t\t\t<div class=\"elementor-column elementor-col-50 elementor-top-column elementor-element elementor-element-c04bb9c\" data-id=\"c04bb9c\" data-element_type=\"column\">\n\t\t\t<div class=\"elementor-column-wrap elementor-element-populated\">\n\t\t\t\t\t\t\t<div class=\"elementor-widget-wrap\">\n\t\t\t\t\t\t<div class=\"elementor-element elementor-element-92fddae elementor-widget elementor-widget-image\" data-id=\"92fddae\" data-element_type=\"widget\" data-widget_type=\"image.default\">\n\t\t\t\t<div class=\"elementor-widget-container\">\n\t\t\t\t\t\t\t\t<div class=\"elementor-image\">\n\t\t\t\t\t\t\t\t\t\t\t\t<img src=\"https:\/\/www.mcbiotech.it\/wp-content\/uploads\/elementor\/thumbs\/photo_2021-01-26_11-41-51-2-p1ydb5xzywbxa3lo75dh9dr0c6v8f6kb6jk81y9fu8.jpg\" title=\"photo_2021-01-26_11-41-51 (2)\" alt=\"photo_2021-01-26_11-41-51 (2)\" \/>\t\t\t\t\t\t\t\t\t\t\t\t\t\t<\/div>\n\t\t\t\t\t\t<\/div>\n\t\t\t\t<\/div>\n\t\t\t\t<div class=\"elementor-element elementor-element-9ff915d elementor-hidden-tablet elementor-hidden-phone elementor-widget elementor-widget-image\" data-id=\"9ff915d\" data-element_type=\"widget\" data-widget_type=\"image.default\">\n\t\t\t\t<div class=\"elementor-widget-container\">\n\t\t\t\t\t\t\t\t<div class=\"elementor-image\">\n\t\t\t\t\t\t\t\t\t\t\t\t<img width=\"1280\" height=\"720\" src=\"https:\/\/www.mcbiotech.it\/wp-content\/uploads\/2022\/04\/piastra.jpg\" class=\"attachment-full size-full\" alt=\"\" loading=\"lazy\" srcset=\"https:\/\/www.mcbiotech.it\/wp-content\/uploads\/2022\/04\/piastra.jpg 1280w, https:\/\/www.mcbiotech.it\/wp-content\/uploads\/2022\/04\/piastra-300x169.jpg 300w, https:\/\/www.mcbiotech.it\/wp-content\/uploads\/2022\/04\/piastra-1024x576.jpg 1024w, https:\/\/www.mcbiotech.it\/wp-content\/uploads\/2022\/04\/piastra-768x432.jpg 768w\" sizes=\"(max-width: 1280px) 100vw, 1280px\" \/>\t\t\t\t\t\t\t\t\t\t\t\t\t\t<\/div>\n\t\t\t\t\t\t<\/div>\n\t\t\t\t<\/div>\n\t\t\t\t\t\t<\/div>\n\t\t\t\t\t<\/div>\n\t\t<\/div>\n\t\t\t\t<div class=\"elementor-column elementor-col-50 elementor-top-column elementor-element elementor-element-e80854e\" data-id=\"e80854e\" data-element_type=\"column\">\n\t\t\t<div class=\"elementor-column-wrap elementor-element-populated\">\n\t\t\t\t\t\t\t<div class=\"elementor-widget-wrap\">\n\t\t\t\t\t\t<div class=\"elementor-element elementor-element-1027423 elementor-widget elementor-widget-heading\" data-id=\"1027423\" data-element_type=\"widget\" data-widget_type=\"heading.default\">\n\t\t\t\t<div class=\"elementor-widget-container\">\n\t\t\t<h2 class=\"elementor-heading-title elementor-size-default\">Mission<\/h2>\t\t<\/div>\n\t\t\t\t<\/div>\n\t\t\t\t<div class=\"elementor-element elementor-element-7ce98353 elementor-widget elementor-widget-text-editor\" data-id=\"7ce98353\" data-element_type=\"widget\" data-widget_type=\"text-editor.default\">\n\t\t\t\t<div class=\"elementor-widget-container\">\n\t\t\t\t\t\t\t\t<div class=\"elementor-text-editor elementor-clearfix\">\n\t\t\t\t<p>La mission de MC Biotech est de <b>concevoir et de d\u00e9velopper des solutions de diagnostic intelligentes et personnalisables<\/b> destin\u00e9es \u00e0 divers domaines cliniques et op\u00e9rationnels, des tests mol\u00e9culaires in vitro pour le diagnostic des infections virales ou bact\u00e9riennes aux tests de susceptibilit\u00e9, de pr\u00e9disposition g\u00e9n\u00e9tique et de pharmacog\u00e9nomique, en passant par les m\u00e9thodes de diagnostic dans le domaine v\u00e9t\u00e9rinaire et pour le contr\u00f4le de qualit\u00e9 industriel.<br \/>\nTirant parti de l\u2019expertise interdisciplinaire et de l\u2019exp\u00e9rience consolid\u00e9e de MC Biotech en mati\u00e8re de technologies de diagnostic innovantes (bas\u00e9es sur des techniques d\u2019amplification isotherme et\/ou sur les nanobiotechnologies), les solutions propos\u00e9es reposent sur l\u2019utilisation d\u2019\u00e9chantillons biologiques non invasifs (salive par exemple) et de m\u00e9thodes rapides pr\u00e9sentant un haut degr\u00e9 de sensibilit\u00e9 et de sp\u00e9cificit\u00e9.<br \/>\nCes technologies, qui s\u2019int\u00e8grent facilement aux plateformes portables bench-top et point-of-care, permettent de fournir au sp\u00e9cialiste le profil diagnostique du patient en temps r\u00e9el.<\/p>\n\t\t\t\t\t<\/div>\n\t\t\t\t\t\t<\/div>\n\t\t\t\t<\/div>\n\t\t\t\t\t\t<\/div>\n\t\t\t\t\t<\/div>\n\t\t<\/div>\n\t\t\t\t\t\t\t\t<\/div>\n\t\t\t\t\t<\/div>\n\t\t<\/section>\n\t\t\t\t<section class=\"elementor-section elementor-top-section elementor-element elementor-element-370894a elementor-reverse-tablet elementor-reverse-mobile elementor-section-boxed elementor-section-height-default elementor-section-height-default\" data-id=\"370894a\" data-element_type=\"section\">\n\t\t\t\t\t\t<div class=\"elementor-container elementor-column-gap-wider\">\n\t\t\t\t\t\t\t<div class=\"elementor-row\">\n\t\t\t\t\t<div class=\"elementor-column elementor-col-50 elementor-top-column elementor-element elementor-element-e5da6a7\" data-id=\"e5da6a7\" data-element_type=\"column\">\n\t\t\t<div class=\"elementor-column-wrap elementor-element-populated\">\n\t\t\t\t\t\t\t<div class=\"elementor-widget-wrap\">\n\t\t\t\t\t\t<div class=\"elementor-element elementor-element-acbb57b elementor-widget elementor-widget-heading\" data-id=\"acbb57b\" data-element_type=\"widget\" data-widget_type=\"heading.default\">\n\t\t\t\t<div class=\"elementor-widget-container\">\n\t\t\t<h2 class=\"elementor-heading-title elementor-size-default\">Vision<\/h2>\t\t<\/div>\n\t\t\t\t<\/div>\n\t\t\t\t<div class=\"elementor-element elementor-element-04cdccb elementor-widget elementor-widget-text-editor\" data-id=\"04cdccb\" data-element_type=\"widget\" data-widget_type=\"text-editor.default\">\n\t\t\t\t<div class=\"elementor-widget-container\">\n\t\t\t\t\t\t\t\t<div class=\"elementor-text-editor elementor-clearfix\">\n\t\t\t\t<p>La vision de MC Biotech consiste \u00e0 proposer une id\u00e9e de <b>diagnostique mol\u00e9culaire point-of-care<\/b> fournissant des r\u00e9sultats en temps r\u00e9el, au service de la m\u00e9decine personnalis\u00e9e, du d\u00e9pistage pr\u00e9ventif, du bien-\u00eatre du patient et comme support <b>fiable et rapide<\/b> pour le sp\u00e9cialiste.<\/p>\n\t\t\t\t\t<\/div>\n\t\t\t\t\t\t<\/div>\n\t\t\t\t<\/div>\n\t\t\t\t\t\t<\/div>\n\t\t\t\t\t<\/div>\n\t\t<\/div>\n\t\t\t\t<div class=\"elementor-column elementor-col-50 elementor-top-column elementor-element elementor-element-9cbcfff\" data-id=\"9cbcfff\" data-element_type=\"column\">\n\t\t\t<div class=\"elementor-column-wrap elementor-element-populated\">\n\t\t\t\t\t\t\t<div class=\"elementor-widget-wrap\">\n\t\t\t\t\t\t<div class=\"elementor-element elementor-element-8b18108 elementor-widget elementor-widget-image\" data-id=\"8b18108\" data-element_type=\"widget\" data-widget_type=\"image.default\">\n\t\t\t\t<div class=\"elementor-widget-container\">\n\t\t\t\t\t\t\t\t<div class=\"elementor-image\">\n\t\t\t\t\t\t\t\t\t\t\t\t<img width=\"1024\" height=\"677\" src=\"https:\/\/www.mcbiotech.it\/wp-content\/uploads\/2022\/04\/benesseremc-well.jpg\" class=\"attachment-large size-large\" alt=\"\" loading=\"lazy\" srcset=\"https:\/\/www.mcbiotech.it\/wp-content\/uploads\/2022\/04\/benesseremc-well.jpg 1024w, https:\/\/www.mcbiotech.it\/wp-content\/uploads\/2022\/04\/benesseremc-well-300x198.jpg 300w, https:\/\/www.mcbiotech.it\/wp-content\/uploads\/2022\/04\/benesseremc-well-768x508.jpg 768w\" sizes=\"(max-width: 1024px) 100vw, 1024px\" \/>\t\t\t\t\t\t\t\t\t\t\t\t\t\t<\/div>\n\t\t\t\t\t\t<\/div>\n\t\t\t\t<\/div>\n\t\t\t\t\t\t<\/div>\n\t\t\t\t\t<\/div>\n\t\t<\/div>\n\t\t\t\t\t\t\t\t<\/div>\n\t\t\t\t\t<\/div>\n\t\t<\/section>\n\t\t\t\t\t\t\t\t\t<\/div>\n\t\t\t<\/div>\n\t\t\t\t\t<\/div>\n\t\t","protected":false},"excerpt":{"rendered":"<p>Mission La mission de MC Biotech est de concevoir et de d\u00e9velopper des solutions de diagnostic intelligentes et personnalisables destin\u00e9es \u00e0 divers domaines cliniques et op\u00e9rationnels, des tests mol\u00e9culaires in vitro pour le diagnostic des infections virales ou bact\u00e9riennes aux tests de susceptibilit\u00e9, de pr\u00e9disposition g\u00e9n\u00e9tique et de pharmacog\u00e9nomique, en passant par les m\u00e9thodes de &hellip;<\/p>\n<p class=\"read-more\"> <a class=\"\" href=\"https:\/\/www.mcbiotech.it\/fr\/\"> <span class=\"screen-reader-text\">Accueil<\/span> Lire la suite\u00a0\u00bb<\/a><\/p>\n","protected":false},"author":1,"featured_media":0,"parent":0,"menu_order":0,"comment_status":"closed","ping_status":"closed","template":"","meta":{"site-sidebar-layout":"no-sidebar","site-content-layout":"page-builder","ast-global-header-display":"","ast-main-header-display":"","ast-hfb-above-header-display":"","ast-hfb-below-header-display":"","ast-hfb-mobile-header-display":"","site-post-title":"disabled","ast-breadcrumbs-content":"","ast-featured-img":"disabled","footer-sml-layout":"","theme-transparent-header-meta":"default","adv-header-id-meta":"","stick-header-meta":"","header-above-stick-meta":"","header-main-stick-meta":"","header-below-stick-meta":""},"_links":{"self":[{"href":"https:\/\/www.mcbiotech.it\/fr\/wp-json\/wp\/v2\/pages\/2528"}],"collection":[{"href":"https:\/\/www.mcbiotech.it\/fr\/wp-json\/wp\/v2\/pages"}],"about":[{"href":"https:\/\/www.mcbiotech.it\/fr\/wp-json\/wp\/v2\/types\/page"}],"author":[{"embeddable":true,"href":"https:\/\/www.mcbiotech.it\/fr\/wp-json\/wp\/v2\/users\/1"}],"replies":[{"embeddable":true,"href":"https:\/\/www.mcbiotech.it\/fr\/wp-json\/wp\/v2\/comments?post=2528"}],"version-history":[{"count":1,"href":"https:\/\/www.mcbiotech.it\/fr\/wp-json\/wp\/v2\/pages\/2528\/revisions"}],"predecessor-version":[{"id":2532,"href":"https:\/\/www.mcbiotech.it\/fr\/wp-json\/wp\/v2\/pages\/2528\/revisions\/2532"}],"wp:attachment":[{"href":"https:\/\/www.mcbiotech.it\/fr\/wp-json\/wp\/v2\/media?parent=2528"}],"curies":[{"name":"wp","href":"https:\/\/api.w.org\/{rel}","templated":true}]}}