{"id":2543,"date":"2022-05-03T10:39:14","date_gmt":"2022-05-03T10:39:14","guid":{"rendered":"https:\/\/www.mcbiotech.it\/tests-de-diagnostic\/"},"modified":"2022-05-09T13:48:01","modified_gmt":"2022-05-09T13:48:01","slug":"tests-de-diagnostic","status":"publish","type":"page","link":"https:\/\/www.mcbiotech.it\/fr\/tests-de-diagnostic\/","title":{"rendered":"Tests de diagnostic"},"content":{"rendered":"\t\t<div data-elementor-type=\"wp-page\" data-elementor-id=\"2543\" class=\"elementor elementor-2543 elementor-1793\">\n\t\t\t\t\t\t<div class=\"elementor-inner\">\n\t\t\t\t<div class=\"elementor-section-wrap\">\n\t\t\t\t\t\t\t\t\t<section class=\"elementor-section elementor-top-section elementor-element elementor-element-7bdf7ce elementor-section-height-min-height elementor-section-boxed elementor-section-height-default elementor-section-items-middle\" data-id=\"7bdf7ce\" data-element_type=\"section\" data-settings=\"{&quot;background_background&quot;:&quot;classic&quot;}\">\n\t\t\t\t\t\t\t<div class=\"elementor-background-overlay\"><\/div>\n\t\t\t\t\t\t\t<div class=\"elementor-container elementor-column-gap-default\">\n\t\t\t\t\t\t\t<div class=\"elementor-row\">\n\t\t\t\t\t<div class=\"elementor-column elementor-col-100 elementor-top-column elementor-element elementor-element-ef4add7\" data-id=\"ef4add7\" data-element_type=\"column\">\n\t\t\t<div class=\"elementor-column-wrap elementor-element-populated\">\n\t\t\t\t\t\t\t<div class=\"elementor-widget-wrap\">\n\t\t\t\t\t\t<div class=\"elementor-element elementor-element-fd74186 elementor-widget elementor-widget-heading\" data-id=\"fd74186\" data-element_type=\"widget\" data-widget_type=\"heading.default\">\n\t\t\t\t<div class=\"elementor-widget-container\">\n\t\t\t<h1 class=\"elementor-heading-title elementor-size-default\">Tests de diagnostic<\/h1>\t\t<\/div>\n\t\t\t\t<\/div>\n\t\t\t\t\t\t<\/div>\n\t\t\t\t\t<\/div>\n\t\t<\/div>\n\t\t\t\t\t\t\t\t<\/div>\n\t\t\t\t\t<\/div>\n\t\t<\/section>\n\t\t\t\t<section class=\"elementor-section elementor-top-section elementor-element elementor-element-a98fdc0 elementor-section-boxed elementor-section-height-default elementor-section-height-default\" data-id=\"a98fdc0\" data-element_type=\"section\" id=\"colonna1test\">\n\t\t\t\t\t\t<div class=\"elementor-container elementor-column-gap-default\">\n\t\t\t\t\t\t\t<div class=\"elementor-row\">\n\t\t\t\t\t<div class=\"elementor-column elementor-col-50 elementor-top-column elementor-element elementor-element-5092c9c\" data-id=\"5092c9c\" data-element_type=\"column\">\n\t\t\t<div class=\"elementor-column-wrap elementor-element-populated\">\n\t\t\t\t\t\t\t<div class=\"elementor-widget-wrap\">\n\t\t\t\t\t\t<div class=\"elementor-element elementor-element-f49872d elementor-widget elementor-widget-image\" data-id=\"f49872d\" data-element_type=\"widget\" data-widget_type=\"image.default\">\n\t\t\t\t<div class=\"elementor-widget-container\">\n\t\t\t\t\t\t\t\t<div class=\"elementor-image\">\n\t\t\t\t\t\t\t\t\t\t\t\t<img src=\"https:\/\/www.mcbiotech.it\/wp-content\/uploads\/2022\/03\/covid.jpg\" title=\"covid\" alt=\"covid\" \/>\t\t\t\t\t\t\t\t\t\t\t\t\t\t<\/div>\n\t\t\t\t\t\t<\/div>\n\t\t\t\t<\/div>\n\t\t\t\t<div class=\"elementor-element elementor-element-ba21c1a elementor-widget elementor-widget-elementskit-accordion\" data-id=\"ba21c1a\" data-element_type=\"widget\" data-widget_type=\"elementskit-accordion.default\">\n\t\t\t\t<div class=\"elementor-widget-container\">\n\t\t\t<div class=\"ekit-wid-con\" >\n\n        <div class=\"elementskit-accordion accoedion-primary\" id=\"accordion-6a047d8838667\">\n\n            \n                <div class=\"elementskit-card \">\n                    <div class=\"elementskit-card-header\" id=\"primaryHeading-0-ba21c1a\">\n                        <a href=\"#collapse-93b30476a047d8838667\" class=\"ekit-accordion--toggler elementskit-btn-link collapsed\" data-ekit-toggle=\"collapse\" data-target=\"#Collapse-93b30476a047d8838667\" aria-expanded=\"false\" aria-controls=\"Collapse-93b30476a047d8838667\">\n                            \n                            <span class=\"ekit-accordion-title\">COVID<\/span>\n\n                            \n                                <div class=\"ekit_accordion_icon_group\">\n                                    <div class=\"ekit_accordion_normal_icon\">\n                                        <!-- Normal Icon -->\n                                        <i aria-hidden=\"true\" class=\"icon-open icon-right icon icon-down-arrow1\"><\/i>                                    <\/div>\n\n                                    <div class=\"ekit_accordion_active_icon\">\n                                        <!-- Active Icon -->\n                                        <i aria-hidden=\"true\" class=\"icon-closed icon-right icon icon-up-arrow\"><\/i>                                    <\/div>\n\n                                <\/div>\n\n                            \n                                                    <\/a>\n                    <\/div>\n\n                    <div id=\"Collapse-93b30476a047d8838667\" class=\" collapse\" aria-labelledby=\"primaryHeading-0-ba21c1a\" data-parent=\"#accordion-6a047d8838667\">\n\n                        <div class=\"elementskit-card-body ekit-accordion--content\">\n                            <div class=\"elementskit-card-body ekit-accordion--content\">\n                            <a class=\"elementor-button-link elementor-button elementor-size-md\" href=\"https:\/\/www.mcbiotech.it\/en\/covid-salivary-coronavirus-test\/\">\n\n<span class=\"elementor-button-text\">TEST SALIVAIRE MOL\u00c9CULAIRE<\/span>\n\n<\/a>                        <\/div>                        <\/div>\n\n                    <\/div>\n\n                <\/div><!-- .elementskit-card END -->\n\n                        <\/div>\n    <\/div>\t\t<\/div>\n\t\t\t\t<\/div>\n\t\t\t\t\t\t<\/div>\n\t\t\t\t\t<\/div>\n\t\t<\/div>\n\t\t\t\t<div class=\"elementor-column elementor-col-50 elementor-top-column elementor-element elementor-element-a6ab96b\" data-id=\"a6ab96b\" data-element_type=\"column\">\n\t\t\t<div class=\"elementor-column-wrap elementor-element-populated\">\n\t\t\t\t\t\t\t<div class=\"elementor-widget-wrap\">\n\t\t\t\t\t\t<div class=\"elementor-element elementor-element-c4e3e70 elementor-widget elementor-widget-image\" data-id=\"c4e3e70\" data-element_type=\"widget\" data-widget_type=\"image.default\">\n\t\t\t\t<div class=\"elementor-widget-container\">\n\t\t\t\t\t\t\t\t<div class=\"elementor-image\">\n\t\t\t\t\t\t\t\t\t\t\t\t<img width=\"1080\" height=\"600\" src=\"https:\/\/www.mcbiotech.it\/wp-content\/uploads\/2022\/03\/testpredgen.jpg\" class=\"attachment-full size-full\" alt=\"\" loading=\"lazy\" srcset=\"https:\/\/www.mcbiotech.it\/wp-content\/uploads\/2022\/03\/testpredgen.jpg 1080w, https:\/\/www.mcbiotech.it\/wp-content\/uploads\/2022\/03\/testpredgen-300x167.jpg 300w, https:\/\/www.mcbiotech.it\/wp-content\/uploads\/2022\/03\/testpredgen-1024x569.jpg 1024w, https:\/\/www.mcbiotech.it\/wp-content\/uploads\/2022\/03\/testpredgen-768x427.jpg 768w\" sizes=\"(max-width: 1080px) 100vw, 1080px\" \/>\t\t\t\t\t\t\t\t\t\t\t\t\t\t<\/div>\n\t\t\t\t\t\t<\/div>\n\t\t\t\t<\/div>\n\t\t\t\t<div class=\"elementor-element elementor-element-f7783bf elementor-widget elementor-widget-elementskit-accordion\" data-id=\"f7783bf\" data-element_type=\"widget\" data-widget_type=\"elementskit-accordion.default\">\n\t\t\t\t<div class=\"elementor-widget-container\">\n\t\t\t<div class=\"ekit-wid-con\" >\n\n        <div class=\"elementskit-accordion accoedion-primary\" id=\"accordion-6a047d8840721\">\n\n            \n                <div class=\"elementskit-card \">\n                    <div class=\"elementskit-card-header\" id=\"primaryHeading-0-f7783bf\">\n                        <a href=\"#collapse-93b30476a047d8840721\" class=\"ekit-accordion--toggler elementskit-btn-link collapsed\" data-ekit-toggle=\"collapse\" data-target=\"#Collapse-93b30476a047d8840721\" aria-expanded=\"false\" aria-controls=\"Collapse-93b30476a047d8840721\">\n                            \n                            <span class=\"ekit-accordion-title\">TEST DE PR\u00c9DISPOSITION G\u00c9N\u00c9TIQUE<\/span>\n\n                            \n                                <div class=\"ekit_accordion_icon_group\">\n                                    <div class=\"ekit_accordion_normal_icon\">\n                                        <!-- Normal Icon -->\n                                        <i aria-hidden=\"true\" class=\"icon-open icon-right icon icon-down-arrow1\"><\/i>                                    <\/div>\n\n                                    <div class=\"ekit_accordion_active_icon\">\n                                        <!-- Active Icon -->\n                                        <i aria-hidden=\"true\" class=\"icon-closed icon-right icon icon-up-arrow\"><\/i>                                    <\/div>\n\n                                <\/div>\n\n                            \n                                                    <\/a>\n                    <\/div>\n\n                    <div id=\"Collapse-93b30476a047d8840721\" class=\" collapse\" aria-labelledby=\"primaryHeading-0-f7783bf\" data-parent=\"#accordion-6a047d8840721\">\n\n                        <div class=\"elementskit-card-body ekit-accordion--content\">\n                            <div class=\"elementskit-card-body ekit-accordion--content\">\n                            <div style=\"padding-bottom:20px\"><a class=\"elementor-button-link elementor-button elementor-size-md\" href=\"https:\/\/www.mcbiotech.it\/fr\/test-de-lactase\/\">\n\n<span class=\"elementor-button-text\">TEST DE LACTASE<\/span>\n\n<\/a>\n<\/div>\n\n<a class=\"elementor-button-link elementor-button elementor-size-md\" href=\"https:\/\/www.mcbiotech.it\/fr\/test-de-folate\/\">\n\n<span class=\"elementor-button-text\">TEST DE FOLATE<\/span>\n\n<\/a>                        <\/div>                        <\/div>\n\n                    <\/div>\n\n                <\/div><!-- .elementskit-card END -->\n\n                        <\/div>\n    <\/div>\t\t<\/div>\n\t\t\t\t<\/div>\n\t\t\t\t\t\t<\/div>\n\t\t\t\t\t<\/div>\n\t\t<\/div>\n\t\t\t\t\t\t\t\t<\/div>\n\t\t\t\t\t<\/div>\n\t\t<\/section>\n\t\t\t\t<section class=\"elementor-section elementor-top-section elementor-element elementor-element-d160fe9 elementor-section-boxed elementor-section-height-default elementor-section-height-default\" data-id=\"d160fe9\" data-element_type=\"section\" id=\"colonna2test\">\n\t\t\t\t\t\t<div class=\"elementor-container elementor-column-gap-default\">\n\t\t\t\t\t\t\t<div class=\"elementor-row\">\n\t\t\t\t\t<div class=\"elementor-column elementor-col-50 elementor-top-column elementor-element elementor-element-19499ad\" data-id=\"19499ad\" data-element_type=\"column\">\n\t\t\t<div class=\"elementor-column-wrap elementor-element-populated\">\n\t\t\t\t\t\t\t<div class=\"elementor-widget-wrap\">\n\t\t\t\t\t\t<div class=\"elementor-element elementor-element-eca4257 elementor-widget elementor-widget-image\" data-id=\"eca4257\" data-element_type=\"widget\" data-widget_type=\"image.default\">\n\t\t\t\t<div class=\"elementor-widget-container\">\n\t\t\t\t\t\t\t\t<div class=\"elementor-image\">\n\t\t\t\t\t\t\t\t\t\t\t\t<img width=\"1024\" height=\"569\" src=\"https:\/\/www.mcbiotech.it\/wp-content\/uploads\/2022\/03\/qc-1024x569.jpg\" class=\"attachment-large size-large\" alt=\"\" loading=\"lazy\" srcset=\"https:\/\/www.mcbiotech.it\/wp-content\/uploads\/2022\/03\/qc-1024x569.jpg 1024w, https:\/\/www.mcbiotech.it\/wp-content\/uploads\/2022\/03\/qc-300x167.jpg 300w, https:\/\/www.mcbiotech.it\/wp-content\/uploads\/2022\/03\/qc-768x427.jpg 768w, https:\/\/www.mcbiotech.it\/wp-content\/uploads\/2022\/03\/qc.jpg 1080w\" sizes=\"(max-width: 1024px) 100vw, 1024px\" \/>\t\t\t\t\t\t\t\t\t\t\t\t\t\t<\/div>\n\t\t\t\t\t\t<\/div>\n\t\t\t\t<\/div>\n\t\t\t\t<div class=\"elementor-element elementor-element-6db4e59 elementor-widget elementor-widget-elementskit-accordion\" data-id=\"6db4e59\" data-element_type=\"widget\" data-widget_type=\"elementskit-accordion.default\">\n\t\t\t\t<div class=\"elementor-widget-container\">\n\t\t\t<div class=\"ekit-wid-con\" >\n\n        <div class=\"elementskit-accordion accoedion-primary\" id=\"accordion-6a047d8846b07\">\n\n            \n                <div class=\"elementskit-card \">\n                    <div class=\"elementskit-card-header\" id=\"primaryHeading-0-6db4e59\">\n                        <a href=\"#collapse-93b30476a047d8846b07\" class=\"ekit-accordion--toggler elementskit-btn-link collapsed\" data-ekit-toggle=\"collapse\" data-target=\"#Collapse-93b30476a047d8846b07\" aria-expanded=\"false\" aria-controls=\"Collapse-93b30476a047d8846b07\">\n                            \n                            <span class=\"ekit-accordion-title\">MICROBIOLOGIE\/CONTR\u00d4LE DE LA QUALIT\u00c9<\/span>\n\n                            \n                                <div class=\"ekit_accordion_icon_group\">\n                                    <div class=\"ekit_accordion_normal_icon\">\n                                        <!-- Normal Icon -->\n                                        <i aria-hidden=\"true\" class=\"icon-open icon-right icon icon-down-arrow1\"><\/i>                                    <\/div>\n\n                                    <div class=\"ekit_accordion_active_icon\">\n                                        <!-- Active Icon -->\n                                        <i aria-hidden=\"true\" class=\"icon-closed icon-right icon icon-up-arrow\"><\/i>                                    <\/div>\n\n                                <\/div>\n\n                            \n                                                    <\/a>\n                    <\/div>\n\n                    <div id=\"Collapse-93b30476a047d8846b07\" class=\" collapse\" aria-labelledby=\"primaryHeading-0-6db4e59\" data-parent=\"#accordion-6a047d8846b07\">\n\n                        <div class=\"elementskit-card-body ekit-accordion--content\">\n                            <p>Prochainement<\/p>\n                        <\/div>\n\n                    <\/div>\n\n                <\/div><!-- .elementskit-card END -->\n\n                        <\/div>\n    <\/div>\t\t<\/div>\n\t\t\t\t<\/div>\n\t\t\t\t\t\t<\/div>\n\t\t\t\t\t<\/div>\n\t\t<\/div>\n\t\t\t\t<div class=\"elementor-column elementor-col-50 elementor-top-column elementor-element elementor-element-5135613\" data-id=\"5135613\" data-element_type=\"column\">\n\t\t\t<div class=\"elementor-column-wrap elementor-element-populated\">\n\t\t\t\t\t\t\t<div class=\"elementor-widget-wrap\">\n\t\t\t\t\t\t<div class=\"elementor-element elementor-element-f298757 elementor-widget elementor-widget-image\" data-id=\"f298757\" data-element_type=\"widget\" data-widget_type=\"image.default\">\n\t\t\t\t<div class=\"elementor-widget-container\">\n\t\t\t\t\t\t\t\t<div class=\"elementor-image\">\n\t\t\t\t\t\t\t\t\t\t\t\t<img width=\"1080\" height=\"600\" src=\"https:\/\/www.mcbiotech.it\/wp-content\/uploads\/2022\/03\/vet.jpg\" class=\"attachment-full size-full\" alt=\"\" loading=\"lazy\" srcset=\"https:\/\/www.mcbiotech.it\/wp-content\/uploads\/2022\/03\/vet.jpg 1080w, https:\/\/www.mcbiotech.it\/wp-content\/uploads\/2022\/03\/vet-300x167.jpg 300w, https:\/\/www.mcbiotech.it\/wp-content\/uploads\/2022\/03\/vet-1024x569.jpg 1024w, https:\/\/www.mcbiotech.it\/wp-content\/uploads\/2022\/03\/vet-768x427.jpg 768w\" sizes=\"(max-width: 1080px) 100vw, 1080px\" \/>\t\t\t\t\t\t\t\t\t\t\t\t\t\t<\/div>\n\t\t\t\t\t\t<\/div>\n\t\t\t\t<\/div>\n\t\t\t\t<div class=\"elementor-element elementor-element-d9344c0 elementor-widget elementor-widget-elementskit-accordion\" data-id=\"d9344c0\" data-element_type=\"widget\" data-widget_type=\"elementskit-accordion.default\">\n\t\t\t\t<div class=\"elementor-widget-container\">\n\t\t\t<div class=\"ekit-wid-con\" >\n\n        <div class=\"elementskit-accordion accoedion-primary\" id=\"accordion-6a047d884ff9f\">\n\n            \n                <div class=\"elementskit-card \">\n                    <div class=\"elementskit-card-header\" id=\"primaryHeading-0-d9344c0\">\n                        <a href=\"#collapse-93b30476a047d884ff9f\" class=\"ekit-accordion--toggler elementskit-btn-link collapsed\" data-ekit-toggle=\"collapse\" data-target=\"#Collapse-93b30476a047d884ff9f\" aria-expanded=\"false\" aria-controls=\"Collapse-93b30476a047d884ff9f\">\n                            \n                            <span class=\"ekit-accordion-title\">M\u00c9DECINE V\u00c9T\u00c9RINAIRE<\/span>\n\n                            \n                                <div class=\"ekit_accordion_icon_group\">\n                                    <div class=\"ekit_accordion_normal_icon\">\n                                        <!-- Normal Icon -->\n                                        <i aria-hidden=\"true\" class=\"icon-open icon-right icon icon-down-arrow1\"><\/i>                                    <\/div>\n\n                                    <div class=\"ekit_accordion_active_icon\">\n                                        <!-- Active Icon -->\n                                        <i aria-hidden=\"true\" class=\"icon-closed icon-right icon icon-up-arrow\"><\/i>                                    <\/div>\n\n                                <\/div>\n\n                            \n                                                    <\/a>\n                    <\/div>\n\n                    <div id=\"Collapse-93b30476a047d884ff9f\" class=\" collapse\" aria-labelledby=\"primaryHeading-0-d9344c0\" data-parent=\"#accordion-6a047d884ff9f\">\n\n                        <div class=\"elementskit-card-body ekit-accordion--content\">\n                            <p>Prochainement<\/p>\n                        <\/div>\n\n                    <\/div>\n\n                <\/div><!-- .elementskit-card END -->\n\n                        <\/div>\n    <\/div>\t\t<\/div>\n\t\t\t\t<\/div>\n\t\t\t\t\t\t<\/div>\n\t\t\t\t\t<\/div>\n\t\t<\/div>\n\t\t\t\t\t\t\t\t<\/div>\n\t\t\t\t\t<\/div>\n\t\t<\/section>\n\t\t\t\t<section class=\"elementor-section elementor-top-section elementor-element elementor-element-274fa7e elementor-section-boxed elementor-section-height-default elementor-section-height-default\" data-id=\"274fa7e\" data-element_type=\"section\">\n\t\t\t\t\t\t<div class=\"elementor-container elementor-column-gap-default\">\n\t\t\t\t\t\t\t<div class=\"elementor-row\">\n\t\t\t\t\t<div class=\"elementor-column elementor-col-100 elementor-top-column elementor-element elementor-element-a63791a\" data-id=\"a63791a\" data-element_type=\"column\">\n\t\t\t<div class=\"elementor-column-wrap elementor-element-populated\">\n\t\t\t\t\t\t\t<div class=\"elementor-widget-wrap\">\n\t\t\t\t\t\t<div class=\"elementor-element elementor-element-009e690 elementor-widget elementor-widget-html\" data-id=\"009e690\" data-element_type=\"widget\" data-widget_type=\"html.default\">\n\t\t\t\t<div class=\"elementor-widget-container\">\n\t\t\t<script> \njQuery(document).ready(function($) { \n  $('.elementskit-btn-link').click(function() {\n    $('.elementskit-btn-link').addClass('collapsed');\n\t$('.collapse').removeClass('show');\n\t$(this).removeClass('collapsed');\n  });\n}); \n<\/script>\t\t<\/div>\n\t\t\t\t<\/div>\n\t\t\t\t\t\t<\/div>\n\t\t\t\t\t<\/div>\n\t\t<\/div>\n\t\t\t\t\t\t\t\t<\/div>\n\t\t\t\t\t<\/div>\n\t\t<\/section>\n\t\t\t\t\t\t\t\t\t<\/div>\n\t\t\t<\/div>\n\t\t\t\t\t<\/div>\n\t\t","protected":false},"excerpt":{"rendered":"<p>Tests de diagnostic COVID TEST SALIVAIRE MOL\u00c9CULAIRE TEST DE PR\u00c9DISPOSITION G\u00c9N\u00c9TIQUE TEST DE LACTASE TEST DE FOLATE MICROBIOLOGIE\/CONTR\u00d4LE DE LA QUALIT\u00c9 Prochainement M\u00c9DECINE V\u00c9T\u00c9RINAIRE Prochainement<\/p>\n","protected":false},"author":1,"featured_media":0,"parent":0,"menu_order":0,"comment_status":"closed","ping_status":"closed","template":"","meta":{"site-sidebar-layout":"no-sidebar","site-content-layout":"page-builder","ast-global-header-display":"","ast-main-header-display":"","ast-hfb-above-header-display":"","ast-hfb-below-header-display":"","ast-hfb-mobile-header-display":"","site-post-title":"disabled","ast-breadcrumbs-content":"","ast-featured-img":"disabled","footer-sml-layout":"","theme-transparent-header-meta":"default","adv-header-id-meta":"","stick-header-meta":"","header-above-stick-meta":"","header-main-stick-meta":"","header-below-stick-meta":""},"_links":{"self":[{"href":"https:\/\/www.mcbiotech.it\/fr\/wp-json\/wp\/v2\/pages\/2543"}],"collection":[{"href":"https:\/\/www.mcbiotech.it\/fr\/wp-json\/wp\/v2\/pages"}],"about":[{"href":"https:\/\/www.mcbiotech.it\/fr\/wp-json\/wp\/v2\/types\/page"}],"author":[{"embeddable":true,"href":"https:\/\/www.mcbiotech.it\/fr\/wp-json\/wp\/v2\/users\/1"}],"replies":[{"embeddable":true,"href":"https:\/\/www.mcbiotech.it\/fr\/wp-json\/wp\/v2\/comments?post=2543"}],"version-history":[{"count":22,"href":"https:\/\/www.mcbiotech.it\/fr\/wp-json\/wp\/v2\/pages\/2543\/revisions"}],"predecessor-version":[{"id":2907,"href":"https:\/\/www.mcbiotech.it\/fr\/wp-json\/wp\/v2\/pages\/2543\/revisions\/2907"}],"wp:attachment":[{"href":"https:\/\/www.mcbiotech.it\/fr\/wp-json\/wp\/v2\/media?parent=2543"}],"curies":[{"name":"wp","href":"https:\/\/api.w.org\/{rel}","templated":true}]}}