{"id":2795,"date":"2022-05-09T08:45:04","date_gmt":"2022-05-09T08:45:04","guid":{"rendered":"https:\/\/www.mcbiotech.it\/test-de-lactase\/"},"modified":"2022-05-19T06:32:59","modified_gmt":"2022-05-19T06:32:59","slug":"test-de-lactase","status":"publish","type":"page","link":"https:\/\/www.mcbiotech.it\/fr\/test-de-lactase\/","title":{"rendered":"Test de Lactase"},"content":{"rendered":"\t\t<div data-elementor-type=\"wp-page\" data-elementor-id=\"2795\" class=\"elementor elementor-2795 elementor-1688\">\n\t\t\t\t\t\t<div class=\"elementor-inner\">\n\t\t\t\t<div class=\"elementor-section-wrap\">\n\t\t\t\t\t\t\t\t\t<section class=\"elementor-section elementor-top-section elementor-element elementor-element-7bdf7ce elementor-section-height-min-height elementor-section-boxed elementor-section-height-default elementor-section-items-middle\" data-id=\"7bdf7ce\" data-element_type=\"section\" data-settings=\"{&quot;background_background&quot;:&quot;classic&quot;}\">\n\t\t\t\t\t\t\t<div class=\"elementor-background-overlay\"><\/div>\n\t\t\t\t\t\t\t<div class=\"elementor-container elementor-column-gap-default\">\n\t\t\t\t\t\t\t<div class=\"elementor-row\">\n\t\t\t\t\t<div class=\"elementor-column elementor-col-100 elementor-top-column elementor-element elementor-element-ef4add7\" data-id=\"ef4add7\" data-element_type=\"column\">\n\t\t\t<div class=\"elementor-column-wrap elementor-element-populated\">\n\t\t\t\t\t\t\t<div class=\"elementor-widget-wrap\">\n\t\t\t\t\t\t<div class=\"elementor-element elementor-element-fd74186 elementor-widget elementor-widget-heading\" data-id=\"fd74186\" data-element_type=\"widget\" data-widget_type=\"heading.default\">\n\t\t\t\t<div class=\"elementor-widget-container\">\n\t\t\t<h1 class=\"elementor-heading-title elementor-size-default\">Test de Lactase<\/h1>\t\t<\/div>\n\t\t\t\t<\/div>\n\t\t\t\t\t\t<\/div>\n\t\t\t\t\t<\/div>\n\t\t<\/div>\n\t\t\t\t\t\t\t\t<\/div>\n\t\t\t\t\t<\/div>\n\t\t<\/section>\n\t\t\t\t<section class=\"elementor-section elementor-top-section elementor-element elementor-element-f56d570 elementor-section-boxed elementor-section-height-default elementor-section-height-default\" data-id=\"f56d570\" data-element_type=\"section\">\n\t\t\t\t\t\t<div class=\"elementor-container elementor-column-gap-default\">\n\t\t\t\t\t\t\t<div class=\"elementor-row\">\n\t\t\t\t\t<div class=\"elementor-column elementor-col-100 elementor-top-column elementor-element elementor-element-43495d7\" data-id=\"43495d7\" data-element_type=\"column\">\n\t\t\t<div class=\"elementor-column-wrap elementor-element-populated\">\n\t\t\t\t\t\t\t<div class=\"elementor-widget-wrap\">\n\t\t\t\t\t\t<div class=\"elementor-element elementor-element-1eef03f elementor-widget elementor-widget-heading\" data-id=\"1eef03f\" data-element_type=\"widget\" data-widget_type=\"heading.default\">\n\t\t\t\t<div class=\"elementor-widget-container\">\n\t\t\t<h2 class=\"elementor-heading-title elementor-size-default\">Test d\u2019intol\u00e9rance <b>g\u00e9n\u00e9tique<\/b> au lactose<\/h2>\t\t<\/div>\n\t\t\t\t<\/div>\n\t\t\t\t\t\t<\/div>\n\t\t\t\t\t<\/div>\n\t\t<\/div>\n\t\t\t\t\t\t\t\t<\/div>\n\t\t\t\t\t<\/div>\n\t\t<\/section>\n\t\t\t\t<section class=\"elementor-section elementor-top-section elementor-element elementor-element-e49dec5 elementor-section-boxed elementor-section-height-default elementor-section-height-default\" data-id=\"e49dec5\" data-element_type=\"section\">\n\t\t\t\t\t\t<div class=\"elementor-container elementor-column-gap-default\">\n\t\t\t\t\t\t\t<div class=\"elementor-row\">\n\t\t\t\t\t<div class=\"elementor-column elementor-col-100 elementor-top-column elementor-element elementor-element-71c7ccd\" data-id=\"71c7ccd\" data-element_type=\"column\">\n\t\t\t<div class=\"elementor-column-wrap elementor-element-populated\">\n\t\t\t\t\t\t\t<div class=\"elementor-widget-wrap\">\n\t\t\t\t\t\t<div class=\"elementor-element elementor-element-dbbbf21 elementor-widget elementor-widget-heading\" data-id=\"dbbbf21\" data-element_type=\"widget\" data-widget_type=\"heading.default\">\n\t\t\t\t<div class=\"elementor-widget-container\">\n\t\t\t<h4 class=\"elementor-heading-title elementor-size-default\">D\u00e9termination du polymorphisme -13910 C\/T g\u00e8ne de la lactase [Enattah et al. Nature Genetics, 2002]<\/h4>\t\t<\/div>\n\t\t\t\t<\/div>\n\t\t\t\t\t\t<\/div>\n\t\t\t\t\t<\/div>\n\t\t<\/div>\n\t\t\t\t\t\t\t\t<\/div>\n\t\t\t\t\t<\/div>\n\t\t<\/section>\n\t\t\t\t<section class=\"elementor-section elementor-top-section elementor-element elementor-element-306c362 elementor-section-boxed elementor-section-height-default elementor-section-height-default\" data-id=\"306c362\" data-element_type=\"section\">\n\t\t\t\t\t\t<div class=\"elementor-container elementor-column-gap-default\">\n\t\t\t\t\t\t\t<div class=\"elementor-row\">\n\t\t\t\t\t<div class=\"elementor-column elementor-col-100 elementor-top-column elementor-element elementor-element-e042151\" data-id=\"e042151\" data-element_type=\"column\">\n\t\t\t<div class=\"elementor-column-wrap elementor-element-populated\">\n\t\t\t\t\t\t\t<div class=\"elementor-widget-wrap\">\n\t\t\t\t\t\t<div class=\"elementor-element elementor-element-eb49c15 elementor-widget elementor-widget-text-editor\" data-id=\"eb49c15\" data-element_type=\"widget\" data-widget_type=\"text-editor.default\">\n\t\t\t\t<div class=\"elementor-widget-container\">\n\t\t\t\t\t\t\t\t<div class=\"elementor-text-editor elementor-clearfix\">\n\t\t\t\t<p><strong>L\u2019intol\u00e9rance au lactose<\/strong> est due \u00e0 l\u2019absence ou \u00e0 la carence de <strong>lactase<\/strong>, enzyme qui permet \u00e0 l\u2019organisme de dig\u00e9rer le lactose (le principal sucre pr\u00e9sent dans le lait et ses d\u00e9riv\u00e9s). Sans une bonne digestion du lactose, ce sucre fermente dans l\u2019intestin, provoquant un certain nombre de troubles, tels que coliques, crampes, m\u00e9t\u00e9orisme ou diarrh\u00e9e. L\u2019intol\u00e9rance au lactose est une affection tr\u00e8s courante chez les adultes et tr\u00e8s r\u00e9pandue en Italie et en Europe (environ 50 \u00e0 70 % de la population italienne pr\u00e9sentent une intol\u00e9rance g\u00e9n\u00e9tique au lactose). Un bon diagnostic est par cons\u00e9quent essentiel pour am\u00e9liorer son \u00e9tat de sant\u00e9 et pr\u00e9venir les sympt\u00f4mes ind\u00e9sirables.<\/p><p>Le test de lactase de MC Biotech permet de relever la pr\u00e9disposition g\u00e9n\u00e9tique d\u2019un patient \u00e0 l&rsquo;intol\u00e9rance au lactose pour lui permettre ensuite de corriger son comportement alimentaire. En particulier, le test g\u00e9n\u00e9tique permet de d\u00e9terminer si le patient poss\u00e8de le g\u00e9notype T\/T, T\/C, ou C\/C. La variante<strong> homozygotie (g\u00e9notype C\/C)<\/strong>, associ\u00e9e \u00e0 une moindre transcription du g\u00e8ne et donc \u00e0 une expression r\u00e9duite de l\u2019enzyme lactase, est corr\u00e9l\u00e9e \u00e0 l\u2019intol\u00e9rance au lactose.<\/p>\t\t\t\t\t<\/div>\n\t\t\t\t\t\t<\/div>\n\t\t\t\t<\/div>\n\t\t\t\t\t\t<\/div>\n\t\t\t\t\t<\/div>\n\t\t<\/div>\n\t\t\t\t\t\t\t\t<\/div>\n\t\t\t\t\t<\/div>\n\t\t<\/section>\n\t\t\t\t<section class=\"elementor-section elementor-top-section elementor-element elementor-element-caf0af6 elementor-section-boxed elementor-section-height-default elementor-section-height-default\" data-id=\"caf0af6\" data-element_type=\"section\">\n\t\t\t\t\t\t<div class=\"elementor-container elementor-column-gap-default\">\n\t\t\t\t\t\t\t<div class=\"elementor-row\">\n\t\t\t\t\t<div class=\"elementor-column elementor-col-100 elementor-top-column elementor-element elementor-element-164b929\" data-id=\"164b929\" data-element_type=\"column\">\n\t\t\t<div class=\"elementor-column-wrap elementor-element-populated\">\n\t\t\t\t\t\t\t<div class=\"elementor-widget-wrap\">\n\t\t\t\t\t\t<div class=\"elementor-element elementor-element-e20f89a elementor-widget elementor-widget-image\" data-id=\"e20f89a\" data-element_type=\"widget\" data-widget_type=\"image.default\">\n\t\t\t\t<div class=\"elementor-widget-container\">\n\t\t\t\t\t\t\t\t<div class=\"elementor-image\">\n\t\t\t\t\t\t\t\t\t\t\t\t<img width=\"768\" height=\"410\" src=\"https:\/\/www.mcbiotech.it\/wp-content\/uploads\/2022\/05\/Tavola-disegno-1-768x410.png\" class=\"attachment-medium_large size-medium_large\" alt=\"\" loading=\"lazy\" srcset=\"https:\/\/www.mcbiotech.it\/wp-content\/uploads\/2022\/05\/Tavola-disegno-1-768x410.png 768w, https:\/\/www.mcbiotech.it\/wp-content\/uploads\/2022\/05\/Tavola-disegno-1-300x160.png 300w, https:\/\/www.mcbiotech.it\/wp-content\/uploads\/2022\/05\/Tavola-disegno-1-1024x546.png 1024w, https:\/\/www.mcbiotech.it\/wp-content\/uploads\/2022\/05\/Tavola-disegno-1.png 1144w\" sizes=\"(max-width: 768px) 100vw, 768px\" \/>\t\t\t\t\t\t\t\t\t\t\t\t\t\t<\/div>\n\t\t\t\t\t\t<\/div>\n\t\t\t\t<\/div>\n\t\t\t\t<div class=\"elementor-element elementor-element-101b986 elementor-widget elementor-widget-text-editor\" data-id=\"101b986\" data-element_type=\"widget\" data-widget_type=\"text-editor.default\">\n\t\t\t\t<div class=\"elementor-widget-container\">\n\t\t\t\t\t\t\t\t<div class=\"elementor-text-editor elementor-clearfix\">\n\t\t\t\t<p>Le <strong>test de lactase<\/strong> s&rsquo;adresse donc aux personnes qui pr\u00e9sentent des <strong>sympt\u00f4mes<\/strong> et\/ou une <strong>pr\u00e9disposition<\/strong>.<br>En particulier :<\/p>\n<p>\u2022 Personnes qui pr\u00e9sentent des sympt\u00f4mes tels que ballonnements, m\u00e9t\u00e9orisme, c\u00e9phal\u00e9es, douleurs\/spasmes abdominaux, diarrh\u00e9e, constipation, naus\u00e9es, \u00e9ruptions cutan\u00e9es.<br>\u2022 Personnes avec des ant\u00e9c\u00e9dents familiaux d\u2019intol\u00e9rance au lactose ou craignant d\u2019\u00eatre intol\u00e9rantes au lactose.<strong><br><\/strong><\/p>\n<p><strong>Le test MC Biotech est rapide et totalement non invasif.<\/strong><br>Le test g\u00e9n\u00e9tique est effectu\u00e9 sur un <a href=\"https:\/\/www.mcbiotech.it\/fr\/dispositif-poc\/\"><strong>dispositif portable<\/strong><\/a>, en utilisant des cellules de la muqueuse buccale pr\u00e9lev\u00e9es au moyen d\u2019un \u00e9couvillon buccal. Le patient effectue un auto-pr\u00e9l\u00e8vement de l\u2019\u00e9chantillon biologique en frottant un \u00e9couvillon \u00e0 l\u2019int\u00e9rieur de la cavit\u00e9 buccale. Le pr\u00e9l\u00e8vement doit \u00eatre effectu\u00e9 avec la bouche propre (il est recommand\u00e9 de boire quelques gorg\u00e9es d\u2019eau avant de pr\u00e9lever l\u2019\u00e9chantillon), au moins 20 minutes apr\u00e8s avoir mang\u00e9 ou bu une boisson. La proc\u00e9dure est tr\u00e8s simple, rapide (&lt;1 min.) et totalement indolore ; elle peut \u00eatre effectu\u00e9e sans probl\u00e8me sur les enfants, les femmes enceintes et les personnes hypersensibles.<\/p>\n<p><strong>Ex\u00e9cution du test<\/strong><\/p>\n<p>Le test est simple et rapide :<\/p><p>\u2022 <strong>Phase pr\u00e9-analytique :<\/strong> apr\u00e8s le pr\u00e9l\u00e8vement, le sp\u00e9cialiste ins\u00e8re l\u2019\u00e9couvillon buccal du patient dans un tube (P) fourni avec le kit (qui contient un tampon d\u2019extraction d\u2019ADN).<br>\u2022 <strong>R\u00e9action :<\/strong> au bout de 5 minutes, un petit \u00e9chantillon pr\u00e9lev\u00e9 dans le tube (P) est pipet\u00e9 dans les tubes de r\u00e9action fournis avec le kit ; les tubes sont ensuite ins\u00e9r\u00e9s dans les logements du dispositif portable <a href=\"https:\/\/www.mcbiotech.it\/fr\/dispositif-poc\/\"><strong>MCBiotron<\/strong><\/a>, en suivant les instructions simples fournies par l\u2019application.<br>\u2022 <strong>R\u00e9sultat du diagnostique :<\/strong> au bout d\u2019environ une heure, le sp\u00e9cialiste re\u00e7oit une notification de l\u2019application pour l\u2019informer que le r\u00e9sultat du test de diagnostic est disponible. Le sp\u00e9cialiste n\u2019a pas \u00e0 interpr\u00e9ter les donn\u00e9es ni les courbes de diagnostic mol\u00e9culaire et il peut imm\u00e9diatement se consacrer au patient et \u00e0 la meilleure indication th\u00e9rapeutique.<\/p>\t\t\t\t\t<\/div>\n\t\t\t\t\t\t<\/div>\n\t\t\t\t<\/div>\n\t\t\t\t\t\t<\/div>\n\t\t\t\t\t<\/div>\n\t\t<\/div>\n\t\t\t\t\t\t\t\t<\/div>\n\t\t\t\t\t<\/div>\n\t\t<\/section>\n\t\t\t\t<section class=\"elementor-section elementor-top-section elementor-element elementor-element-fb8f0a1 elementor-section-boxed elementor-section-height-default elementor-section-height-default\" data-id=\"fb8f0a1\" data-element_type=\"section\">\n\t\t\t\t\t\t<div class=\"elementor-container elementor-column-gap-default\">\n\t\t\t\t\t\t\t<div class=\"elementor-row\">\n\t\t\t\t\t<div class=\"elementor-column elementor-col-100 elementor-top-column elementor-element elementor-element-233b8e1\" data-id=\"233b8e1\" data-element_type=\"column\">\n\t\t\t<div class=\"elementor-column-wrap elementor-element-populated\">\n\t\t\t\t\t\t\t<div class=\"elementor-widget-wrap\">\n\t\t\t\t\t\t<div class=\"elementor-element elementor-element-7162443 elementor-widget elementor-widget-heading\" data-id=\"7162443\" data-element_type=\"widget\" data-widget_type=\"heading.default\">\n\t\t\t\t<div class=\"elementor-widget-container\">\n\t\t\t<h2 class=\"elementor-heading-title elementor-size-default\">Contactez-nous<\/h2>\t\t<\/div>\n\t\t\t\t<\/div>\n\t\t\t\t\t\t<\/div>\n\t\t\t\t\t<\/div>\n\t\t<\/div>\n\t\t\t\t\t\t\t\t<\/div>\n\t\t\t\t\t<\/div>\n\t\t<\/section>\n\t\t\t\t<section class=\"elementor-section elementor-top-section elementor-element elementor-element-7fba3b47 elementor-section-boxed elementor-section-height-default elementor-section-height-default\" data-id=\"7fba3b47\" data-element_type=\"section\">\n\t\t\t\t\t\t<div class=\"elementor-container elementor-column-gap-default\">\n\t\t\t\t\t\t\t<div class=\"elementor-row\">\n\t\t\t\t\t<div class=\"elementor-column elementor-col-50 elementor-top-column elementor-element elementor-element-e351efa\" data-id=\"e351efa\" data-element_type=\"column\">\n\t\t\t<div class=\"elementor-column-wrap elementor-element-populated\">\n\t\t\t\t\t\t\t<div class=\"elementor-widget-wrap\">\n\t\t\t\t\t\t<div class=\"elementor-element elementor-element-978cea1 elementor-view-default elementor-widget elementor-widget-icon\" data-id=\"978cea1\" data-element_type=\"widget\" data-widget_type=\"icon.default\">\n\t\t\t\t<div class=\"elementor-widget-container\">\n\t\t\t\t\t<div class=\"elementor-icon-wrapper\">\n\t\t\t<a class=\"elementor-icon\" href=\"mailto:info@mcbiotech.it\">\n\t\t\t<i aria-hidden=\"true\" class=\"icon icon-email\"><\/i>\t\t\t<\/a>\n\t\t<\/div>\n\t\t\t\t<\/div>\n\t\t\t\t<\/div>\n\t\t\t\t<div class=\"elementor-element elementor-element-4c71d5ad elementor-widget elementor-widget-text-editor\" data-id=\"4c71d5ad\" data-element_type=\"widget\" data-widget_type=\"text-editor.default\">\n\t\t\t\t<div class=\"elementor-widget-container\">\n\t\t\t\t\t\t\t\t<div class=\"elementor-text-editor elementor-clearfix\">\n\t\t\t\t<p style=\"text-align: center;\"><span style=\"text-decoration: underline;\"><a href=\"mailto:info@mcbiotech.it\"><strong>Envoyer un e-mail<\/strong><\/a><\/span><\/p>\n\t\t\t\t\t<\/div>\n\t\t\t\t\t\t<\/div>\n\t\t\t\t<\/div>\n\t\t\t\t\t\t<\/div>\n\t\t\t\t\t<\/div>\n\t\t<\/div>\n\t\t\t\t<div class=\"elementor-column elementor-col-50 elementor-top-column elementor-element elementor-element-25efb434\" data-id=\"25efb434\" data-element_type=\"column\">\n\t\t\t<div class=\"elementor-column-wrap elementor-element-populated\">\n\t\t\t\t\t\t\t<div class=\"elementor-widget-wrap\">\n\t\t\t\t\t\t<div class=\"elementor-element elementor-element-53154a5f elementor-view-default elementor-widget elementor-widget-icon\" data-id=\"53154a5f\" data-element_type=\"widget\" data-widget_type=\"icon.default\">\n\t\t\t\t<div class=\"elementor-widget-container\">\n\t\t\t\t\t<div class=\"elementor-icon-wrapper\">\n\t\t\t<a class=\"elementor-icon\" href=\"https:\/\/www.mcbiotech.it\/fr\/contacts\/\">\n\t\t\t<i aria-hidden=\"true\" class=\"fab fa-wpforms\"><\/i>\t\t\t<\/a>\n\t\t<\/div>\n\t\t\t\t<\/div>\n\t\t\t\t<\/div>\n\t\t\t\t<div class=\"elementor-element elementor-element-69644d19 elementor-widget elementor-widget-text-editor\" data-id=\"69644d19\" data-element_type=\"widget\" data-widget_type=\"text-editor.default\">\n\t\t\t\t<div class=\"elementor-widget-container\">\n\t\t\t\t\t\t\t\t<div class=\"elementor-text-editor elementor-clearfix\">\n\t\t\t\t<p style=\"text-align: center;\"><span style=\"text-decoration: underline;\"><a href=\"https:\/\/www.mcbiotech.it\/fr\/contacts\/\"><strong>Remplir le formulaire<\/strong><\/a><\/span><\/p>\n\t\t\t\t\t<\/div>\n\t\t\t\t\t\t<\/div>\n\t\t\t\t<\/div>\n\t\t\t\t\t\t<\/div>\n\t\t\t\t\t<\/div>\n\t\t<\/div>\n\t\t\t\t\t\t\t\t<\/div>\n\t\t\t\t\t<\/div>\n\t\t<\/section>\n\t\t\t\t\t\t\t\t\t<\/div>\n\t\t\t<\/div>\n\t\t\t\t\t<\/div>\n\t\t","protected":false},"excerpt":{"rendered":"<p>Test de Lactase Test d\u2019intol\u00e9rance g\u00e9n\u00e9tique au lactose D\u00e9termination du polymorphisme -13910 C\/T g\u00e8ne de la lactase [Enattah et al. Nature Genetics, 2002] L\u2019intol\u00e9rance au lactose est due \u00e0 l\u2019absence ou \u00e0 la carence de lactase, enzyme qui permet \u00e0 l\u2019organisme de dig\u00e9rer le lactose (le principal sucre pr\u00e9sent dans le lait et ses d\u00e9riv\u00e9s). &hellip;<\/p>\n<p class=\"read-more\"> <a class=\"\" href=\"https:\/\/www.mcbiotech.it\/fr\/test-de-lactase\/\"> <span class=\"screen-reader-text\">Test de Lactase<\/span> Lire la suite\u00a0\u00bb<\/a><\/p>\n","protected":false},"author":1,"featured_media":0,"parent":0,"menu_order":0,"comment_status":"closed","ping_status":"closed","template":"","meta":{"site-sidebar-layout":"no-sidebar","site-content-layout":"page-builder","ast-global-header-display":"","ast-main-header-display":"","ast-hfb-above-header-display":"","ast-hfb-below-header-display":"","ast-hfb-mobile-header-display":"","site-post-title":"disabled","ast-breadcrumbs-content":"","ast-featured-img":"disabled","footer-sml-layout":"","theme-transparent-header-meta":"default","adv-header-id-meta":"","stick-header-meta":"","header-above-stick-meta":"","header-main-stick-meta":"","header-below-stick-meta":""},"_links":{"self":[{"href":"https:\/\/www.mcbiotech.it\/fr\/wp-json\/wp\/v2\/pages\/2795"}],"collection":[{"href":"https:\/\/www.mcbiotech.it\/fr\/wp-json\/wp\/v2\/pages"}],"about":[{"href":"https:\/\/www.mcbiotech.it\/fr\/wp-json\/wp\/v2\/types\/page"}],"author":[{"embeddable":true,"href":"https:\/\/www.mcbiotech.it\/fr\/wp-json\/wp\/v2\/users\/1"}],"replies":[{"embeddable":true,"href":"https:\/\/www.mcbiotech.it\/fr\/wp-json\/wp\/v2\/comments?post=2795"}],"version-history":[{"count":22,"href":"https:\/\/www.mcbiotech.it\/fr\/wp-json\/wp\/v2\/pages\/2795\/revisions"}],"predecessor-version":[{"id":3006,"href":"https:\/\/www.mcbiotech.it\/fr\/wp-json\/wp\/v2\/pages\/2795\/revisions\/3006"}],"wp:attachment":[{"href":"https:\/\/www.mcbiotech.it\/fr\/wp-json\/wp\/v2\/media?parent=2795"}],"curies":[{"name":"wp","href":"https:\/\/api.w.org\/{rel}","templated":true}]}}