{"id":2810,"date":"2022-05-09T09:15:20","date_gmt":"2022-05-09T09:15:20","guid":{"rendered":"https:\/\/www.mcbiotech.it\/test-de-folate\/"},"modified":"2022-05-17T16:33:02","modified_gmt":"2022-05-17T16:33:02","slug":"test-de-folate","status":"publish","type":"page","link":"https:\/\/www.mcbiotech.it\/fr\/test-de-folate\/","title":{"rendered":"Test de folate"},"content":{"rendered":"\t\t<div data-elementor-type=\"wp-page\" data-elementor-id=\"2810\" class=\"elementor elementor-2810 elementor-1730\">\n\t\t\t\t\t\t<div class=\"elementor-inner\">\n\t\t\t\t<div class=\"elementor-section-wrap\">\n\t\t\t\t\t\t\t\t\t<section class=\"elementor-section elementor-top-section elementor-element elementor-element-7bdf7ce elementor-section-height-min-height elementor-section-boxed elementor-section-height-default elementor-section-items-middle\" data-id=\"7bdf7ce\" data-element_type=\"section\" data-settings=\"{&quot;background_background&quot;:&quot;classic&quot;}\">\n\t\t\t\t\t\t\t<div class=\"elementor-background-overlay\"><\/div>\n\t\t\t\t\t\t\t<div class=\"elementor-container elementor-column-gap-default\">\n\t\t\t\t\t\t\t<div class=\"elementor-row\">\n\t\t\t\t\t<div class=\"elementor-column elementor-col-100 elementor-top-column elementor-element elementor-element-ef4add7\" data-id=\"ef4add7\" data-element_type=\"column\">\n\t\t\t<div class=\"elementor-column-wrap elementor-element-populated\">\n\t\t\t\t\t\t\t<div class=\"elementor-widget-wrap\">\n\t\t\t\t\t\t<div class=\"elementor-element elementor-element-fd74186 elementor-widget elementor-widget-heading\" data-id=\"fd74186\" data-element_type=\"widget\" data-widget_type=\"heading.default\">\n\t\t\t\t<div class=\"elementor-widget-container\">\n\t\t\t<h1 class=\"elementor-heading-title elementor-size-default\">Test de folate<\/h1>\t\t<\/div>\n\t\t\t\t<\/div>\n\t\t\t\t\t\t<\/div>\n\t\t\t\t\t<\/div>\n\t\t<\/div>\n\t\t\t\t\t\t\t\t<\/div>\n\t\t\t\t\t<\/div>\n\t\t<\/section>\n\t\t\t\t<section class=\"elementor-section elementor-top-section elementor-element elementor-element-f56d570 elementor-section-boxed elementor-section-height-default elementor-section-height-default\" data-id=\"f56d570\" data-element_type=\"section\">\n\t\t\t\t\t\t<div class=\"elementor-container elementor-column-gap-default\">\n\t\t\t\t\t\t\t<div class=\"elementor-row\">\n\t\t\t\t\t<div class=\"elementor-column elementor-col-100 elementor-top-column elementor-element elementor-element-43495d7\" data-id=\"43495d7\" data-element_type=\"column\">\n\t\t\t<div class=\"elementor-column-wrap elementor-element-populated\">\n\t\t\t\t\t\t\t<div class=\"elementor-widget-wrap\">\n\t\t\t\t\t\t<div class=\"elementor-element elementor-element-1eef03f elementor-widget elementor-widget-heading\" data-id=\"1eef03f\" data-element_type=\"widget\" data-widget_type=\"heading.default\">\n\t\t\t\t<div class=\"elementor-widget-container\">\n\t\t\t<h2 class=\"elementor-heading-title elementor-size-default\"><b>Test de mutation enzyme MTHFR (Folate)<\/b><\/h2>\t\t<\/div>\n\t\t\t\t<\/div>\n\t\t\t\t\t\t<\/div>\n\t\t\t\t\t<\/div>\n\t\t<\/div>\n\t\t\t\t\t\t\t\t<\/div>\n\t\t\t\t\t<\/div>\n\t\t<\/section>\n\t\t\t\t<section class=\"elementor-section elementor-top-section elementor-element elementor-element-e49dec5 elementor-section-boxed elementor-section-height-default elementor-section-height-default\" data-id=\"e49dec5\" data-element_type=\"section\">\n\t\t\t\t\t\t<div class=\"elementor-container elementor-column-gap-default\">\n\t\t\t\t\t\t\t<div class=\"elementor-row\">\n\t\t\t\t\t<div class=\"elementor-column elementor-col-100 elementor-top-column elementor-element elementor-element-71c7ccd\" data-id=\"71c7ccd\" data-element_type=\"column\">\n\t\t\t<div class=\"elementor-column-wrap elementor-element-populated\">\n\t\t\t\t\t\t\t<div class=\"elementor-widget-wrap\">\n\t\t\t\t\t\t<div class=\"elementor-element elementor-element-dbbbf21 elementor-widget elementor-widget-heading\" data-id=\"dbbbf21\" data-element_type=\"widget\" data-widget_type=\"heading.default\">\n\t\t\t\t<div class=\"elementor-widget-container\">\n\t\t\t<h4 class=\"elementor-heading-title elementor-size-default\"><b>D\u00e9termination du polymorphisme 677C\/T g\u00e8ne enzyme MTHFR<\/b><\/h4>\t\t<\/div>\n\t\t\t\t<\/div>\n\t\t\t\t\t\t<\/div>\n\t\t\t\t\t<\/div>\n\t\t<\/div>\n\t\t\t\t\t\t\t\t<\/div>\n\t\t\t\t\t<\/div>\n\t\t<\/section>\n\t\t\t\t<section class=\"elementor-section elementor-top-section elementor-element elementor-element-306c362 elementor-section-boxed elementor-section-height-default elementor-section-height-default\" data-id=\"306c362\" data-element_type=\"section\">\n\t\t\t\t\t\t<div class=\"elementor-container elementor-column-gap-default\">\n\t\t\t\t\t\t\t<div class=\"elementor-row\">\n\t\t\t\t\t<div class=\"elementor-column elementor-col-100 elementor-top-column elementor-element elementor-element-e042151\" data-id=\"e042151\" data-element_type=\"column\">\n\t\t\t<div class=\"elementor-column-wrap elementor-element-populated\">\n\t\t\t\t\t\t\t<div class=\"elementor-widget-wrap\">\n\t\t\t\t\t\t<div class=\"elementor-element elementor-element-eb49c15 elementor-widget elementor-widget-text-editor\" data-id=\"eb49c15\" data-element_type=\"widget\" data-widget_type=\"text-editor.default\">\n\t\t\t\t<div class=\"elementor-widget-container\">\n\t\t\t\t\t\t\t\t<div class=\"elementor-text-editor elementor-clearfix\">\n\t\t\t\t<p>La <strong>mutation MTHFR<\/strong> est une anomalie g\u00e9n\u00e9tique qui entra\u00eene une r\u00e9duction\/perte d\u2019activit\u00e9 de l\u2019enzyme m\u00e9thyl\u00e8ne-t\u00e9trahydrofolate r\u00e9ductase. Cette enzyme intervient dans la conversion du 5,10-m\u00e9thyl\u00e8ne-t\u00e9trahydrofolate (THF) en 5-m\u00e9thyl-t\u00e9trahydrofolate (5-MTHF), mol\u00e9cule qui permet la rem\u00e9thylation de l\u2019homocyst\u00e9ine en m\u00e9thionine, en utilisant la vitamine B12 comme cofacteur. La mutation MTHFR joue donc un r\u00f4le cl\u00e9 dans le m\u00e9tabolisme des <strong>folates<\/strong> et est li\u00e9e \u00e0 l\u2019<strong>hyper-homocyst\u00e9in\u00e9mie<\/strong> (taux \u00e9lev\u00e9 d\u2019homocyst\u00e9ine dans le sang). Ce ph\u00e9nom\u00e8ne a \u00e9t\u00e9 identifi\u00e9 comme facteur de <strong>risque cardiovasculaire<\/strong>, pr\u00e9disposant au d\u00e9veloppement de l\u2019ath\u00e9roscl\u00e9rose, des thromboses, des maladies coronariennes, des accidents vasculaires c\u00e9r\u00e9braux, des migraines et des maladies des vaisseaux p\u00e9riph\u00e9riques dues aux d\u00e9p\u00f4ts lipidiques.<\/p>\n<p>Le g\u00e9notype pertinent pour ces facteurs de risque est le <strong>g\u00e9notype homozygote (TT)<\/strong> pr\u00e9sent lorsque les deux all\u00e8les du g\u00e8ne sont mut\u00e9s tandis que la mutation en h\u00e9t\u00e9rozygotie (CT) d\u00e9finit l\u2019\u00e9tat de porteur sain (sans risque). Dans la population europ\u00e9enne, la mutation du MTHFR en homozygotie est pr\u00e9sente chez environ 10 \u00e0 15\u00a0% des individus, chez qui l\u2019activit\u00e9 de l\u2019enzyme est fortement r\u00e9duite, ce qui entra\u00eene une augmentation de l\u2019homocyst\u00e9ine dans le sang. En particulier, chez les <strong>femmes enceintes<\/strong>, la pr\u00e9sence de la mutation du MTHFR en homozygotie est un facteur de risque \u00e0 la fois pour les fausses couches et pour l\u2019enfant \u00e0 na\u00eetre, en raison de possibles anomalies du tube neural (par exemple, <em>spina bifida<\/em>). Ces risques peuvent \u00eatre consid\u00e9rablement r\u00e9duits par une alimentation appropri\u00e9e et la prise de compl\u00e9ments alimentaires ad\u00e9quats (par exemple, non pas l\u2019acide folique mais le m\u00e9thylfolate, 5-MTHF).<\/p>\n\t\t\t\t\t<\/div>\n\t\t\t\t\t\t<\/div>\n\t\t\t\t<\/div>\n\t\t\t\t<div class=\"elementor-element elementor-element-332d391 elementor-widget elementor-widget-image-gallery\" data-id=\"332d391\" data-element_type=\"widget\" data-widget_type=\"image-gallery.default\">\n\t\t\t\t<div class=\"elementor-widget-container\">\n\t\t\t\t\t<div class=\"elementor-image-gallery\">\n\t\t\t<div id='gallery-1' class='gallery galleryid-2810 gallery-columns-3 gallery-size-medium'><figure class='gallery-item'>\n\t\t\t<div class='gallery-icon landscape'>\n\t\t\t\t<a data-elementor-open-lightbox=\"yes\" data-elementor-lightbox-slideshow=\"332d391\" data-elementor-lightbox-title=\"cuore-edit\" e-action-hash=\"#elementor-action%3Aaction%3Dlightbox%26settings%3DeyJpZCI6MjgxNiwidXJsIjoiaHR0cHM6XC9cL3d3dy5tY2Jpb3RlY2guaXRcL3dwLWNvbnRlbnRcL3VwbG9hZHNcLzIwMjJcLzAzXC9jdW9yZS1lZGl0LTEuanBnIiwic2xpZGVzaG93IjoiMzMyZDM5MSJ9\" href='https:\/\/www.mcbiotech.it\/wp-content\/uploads\/2022\/03\/cuore-edit-1.jpg'><img width=\"300\" height=\"160\" src=\"https:\/\/www.mcbiotech.it\/wp-content\/uploads\/2022\/03\/cuore-edit-1-300x160.jpg\" class=\"attachment-medium size-medium\" alt=\"\" loading=\"lazy\" srcset=\"https:\/\/www.mcbiotech.it\/wp-content\/uploads\/2022\/03\/cuore-edit-1-300x160.jpg 300w, https:\/\/www.mcbiotech.it\/wp-content\/uploads\/2022\/03\/cuore-edit-1.jpg 768w\" sizes=\"(max-width: 300px) 100vw, 300px\" \/><\/a>\n\t\t\t<\/div><\/figure><figure class='gallery-item'>\n\t\t\t<div class='gallery-icon landscape'>\n\t\t\t\t<a data-elementor-open-lightbox=\"yes\" data-elementor-lightbox-slideshow=\"332d391\" data-elementor-lightbox-title=\"gravidanza-edit\" e-action-hash=\"#elementor-action%3Aaction%3Dlightbox%26settings%3DeyJpZCI6MjgxNywidXJsIjoiaHR0cHM6XC9cL3d3dy5tY2Jpb3RlY2guaXRcL3dwLWNvbnRlbnRcL3VwbG9hZHNcLzIwMjJcLzAzXC9ncmF2aWRhbnphLWVkaXQuanBnIiwic2xpZGVzaG93IjoiMzMyZDM5MSJ9\" href='https:\/\/www.mcbiotech.it\/wp-content\/uploads\/2022\/03\/gravidanza-edit.jpg'><img width=\"300\" height=\"160\" src=\"https:\/\/www.mcbiotech.it\/wp-content\/uploads\/2022\/03\/gravidanza-edit-300x160.jpg\" class=\"attachment-medium size-medium\" alt=\"\" loading=\"lazy\" srcset=\"https:\/\/www.mcbiotech.it\/wp-content\/uploads\/2022\/03\/gravidanza-edit-300x160.jpg 300w, https:\/\/www.mcbiotech.it\/wp-content\/uploads\/2022\/03\/gravidanza-edit.jpg 768w\" sizes=\"(max-width: 300px) 100vw, 300px\" \/><\/a>\n\t\t\t<\/div><\/figure><figure class='gallery-item'>\n\t\t\t<div class='gallery-icon landscape'>\n\t\t\t\t<a data-elementor-open-lightbox=\"yes\" data-elementor-lightbox-slideshow=\"332d391\" data-elementor-lightbox-title=\"fatigue-edit\" e-action-hash=\"#elementor-action%3Aaction%3Dlightbox%26settings%3DeyJpZCI6MjgxOCwidXJsIjoiaHR0cHM6XC9cL3d3dy5tY2Jpb3RlY2guaXRcL3dwLWNvbnRlbnRcL3VwbG9hZHNcLzIwMjJcLzAzXC9mYXRpZ3VlLWVkaXQuanBnIiwic2xpZGVzaG93IjoiMzMyZDM5MSJ9\" href='https:\/\/www.mcbiotech.it\/wp-content\/uploads\/2022\/03\/fatigue-edit.jpg'><img width=\"300\" height=\"160\" src=\"https:\/\/www.mcbiotech.it\/wp-content\/uploads\/2022\/03\/fatigue-edit-300x160.jpg\" class=\"attachment-medium size-medium\" alt=\"\" loading=\"lazy\" srcset=\"https:\/\/www.mcbiotech.it\/wp-content\/uploads\/2022\/03\/fatigue-edit-300x160.jpg 300w, https:\/\/www.mcbiotech.it\/wp-content\/uploads\/2022\/03\/fatigue-edit.jpg 768w\" sizes=\"(max-width: 300px) 100vw, 300px\" \/><\/a>\n\t\t\t<\/div><\/figure>\n\t\t<\/div>\n\t\t<\/div>\n\t\t\t\t<\/div>\n\t\t\t\t<\/div>\n\t\t\t\t<div class=\"elementor-element elementor-element-b004a6c elementor-widget elementor-widget-text-editor\" data-id=\"b004a6c\" data-element_type=\"widget\" data-widget_type=\"text-editor.default\">\n\t\t\t\t<div class=\"elementor-widget-container\">\n\t\t\t\t\t\t\t\t<div class=\"elementor-text-editor elementor-clearfix\">\n\t\t\t\t<p>Le test permettant de d\u00e9terminer la mutation <strong>MTHFR (test de folate)<\/strong> s\u2019adresse par cons\u00e9quent \u00e0\u00a0:<\/p>\n<ul>\n<li>Personnes pr\u00e9sentant des valeurs plasmatiques d\u2019homocyst\u00e9ine alt\u00e9r\u00e9es (<strong>hyper homocyst\u00e9in\u00e9mie<\/strong>)<\/li>\n<li>Femmes enceintes au cours des trois premiers mois de <strong>grossesse<\/strong> (ou en programmation\/attente de grossesse)<\/li>\n<li><strong>Ant\u00e9c\u00e9dents familiaux<\/strong> de maladies cardiovasculaires<\/li>\n<li>Personnes soucieuses de leur \u00e9tat de <strong>sant\u00e9 et de bien-\u00eatre<\/strong> qui souhaitent pr\u00e9venir les probl\u00e8mes de sant\u00e9 potentiels (maladies cardiaques, hypertension, ath\u00e9roscl\u00e9rose, AVC, etc.).<\/li>\n<li><strong>Sportifs<\/strong> qui veulent optimiser leurs performances (la mutation du MTHFR est \u00e9galement source de fatigue, de faiblesse, d\u2019essoufflement et de moindre endurance).<\/li>\n<\/ul>\n\t\t\t\t\t<\/div>\n\t\t\t\t\t\t<\/div>\n\t\t\t\t<\/div>\n\t\t\t\t<div class=\"elementor-element elementor-element-4909e19 elementor-widget elementor-widget-text-editor\" data-id=\"4909e19\" data-element_type=\"widget\" data-widget_type=\"text-editor.default\">\n\t\t\t\t<div class=\"elementor-widget-container\">\n\t\t\t\t\t\t\t\t<div class=\"elementor-text-editor elementor-clearfix\">\n\t\t\t\t<p><strong>Le test MC\u00a0Biotech est rapide et totalement non invasif.\u00a0<\/strong><br \/>Le test g\u00e9n\u00e9tique est effectu\u00e9 sur un <a href=\"https:\/\/www.mcbiotech.it\/fr\/dispositif-poc\/\"><strong>dispositif portable<\/strong><\/a>, en utilisant des cellules de la muqueuse buccale pr\u00e9lev\u00e9es au moyen d\u2019un \u00e9couvillon buccal. Le patient effectue un auto-pr\u00e9l\u00e8vement de l\u2019\u00e9chantillon biologique en frottant un \u00e9couvillon \u00e0 l\u2019int\u00e9rieur de la cavit\u00e9 buccale. Le pr\u00e9l\u00e8vement doit \u00eatre effectu\u00e9 avec la bouche propre (il est recommand\u00e9 de boire quelques gorg\u00e9es d\u2019eau avant de pr\u00e9lever l\u2019\u00e9chantillon), au moins 20 minutes apr\u00e8s avoir mang\u00e9 ou bu une boisson. La proc\u00e9dure est tr\u00e8s simple, rapide (&lt;1\u00a0min.) et totalement indolore\u00a0; elle peut \u00eatre effectu\u00e9e sans probl\u00e8me sur les enfants, les femmes enceintes et les personnes hypersensibles.<\/p><p><strong>Ex\u00e9cution du test<\/strong><br \/>Le test est simple et rapide\u00a0:<\/p><ul><li><strong>Phase pr\u00e9-analytique\u00a0:<\/strong> apr\u00e8s le pr\u00e9l\u00e8vement, le sp\u00e9cialiste ins\u00e8re l\u2019\u00e9couvillon buccal du patient dans un tube (P) fourni avec le kit (qui contient un tampon d\u2019extraction d\u2019ADN)<\/li><li><strong>R\u00e9action\u00a0:<\/strong> au bout de 5\u00a0minutes, un petit \u00e9chantillon pr\u00e9lev\u00e9 dans le tube (P) est pipet\u00e9 dans les tubes de r\u00e9action fournis avec le kit\u00a0; les tubes sont ensuite ins\u00e9r\u00e9s dans les logements du dispositif portable<strong> <a href=\"https:\/\/www.mcbiotech.it\/fr\/dispositif-poc\/\">MCBiotron<\/a><\/strong>, en suivant les instructions simples fournies par l\u2019application<\/li><li><strong>R\u00e9sultat du diagnostique\u00a0:<\/strong> au bout d\u2019environ une heure, le sp\u00e9cialiste re\u00e7oit une notification de l\u2019application pour l\u2019informer que le r\u00e9sultat du test de diagnostic est disponible. Le sp\u00e9cialiste n\u2019a pas \u00e0 interpr\u00e9ter les donn\u00e9es ni les courbes de diagnostic mol\u00e9culaire et il peut imm\u00e9diatement se consacrer au patient et la meilleure indication th\u00e9rapeutique.<\/li><\/ul>\t\t\t\t\t<\/div>\n\t\t\t\t\t\t<\/div>\n\t\t\t\t<\/div>\n\t\t\t\t\t\t<\/div>\n\t\t\t\t\t<\/div>\n\t\t<\/div>\n\t\t\t\t\t\t\t\t<\/div>\n\t\t\t\t\t<\/div>\n\t\t<\/section>\n\t\t\t\t<section class=\"elementor-section elementor-top-section elementor-element elementor-element-fb8f0a1 elementor-section-boxed elementor-section-height-default elementor-section-height-default\" data-id=\"fb8f0a1\" data-element_type=\"section\">\n\t\t\t\t\t\t<div class=\"elementor-container elementor-column-gap-default\">\n\t\t\t\t\t\t\t<div class=\"elementor-row\">\n\t\t\t\t\t<div class=\"elementor-column elementor-col-100 elementor-top-column elementor-element elementor-element-233b8e1\" data-id=\"233b8e1\" data-element_type=\"column\">\n\t\t\t<div class=\"elementor-column-wrap elementor-element-populated\">\n\t\t\t\t\t\t\t<div class=\"elementor-widget-wrap\">\n\t\t\t\t\t\t<div class=\"elementor-element elementor-element-7162443 elementor-widget elementor-widget-heading\" data-id=\"7162443\" data-element_type=\"widget\" data-widget_type=\"heading.default\">\n\t\t\t\t<div class=\"elementor-widget-container\">\n\t\t\t<h2 class=\"elementor-heading-title elementor-size-default\">Contactez-nous<\/h2>\t\t<\/div>\n\t\t\t\t<\/div>\n\t\t\t\t\t\t<\/div>\n\t\t\t\t\t<\/div>\n\t\t<\/div>\n\t\t\t\t\t\t\t\t<\/div>\n\t\t\t\t\t<\/div>\n\t\t<\/section>\n\t\t\t\t<section class=\"elementor-section elementor-top-section elementor-element elementor-element-7fba3b47 elementor-section-boxed elementor-section-height-default elementor-section-height-default\" data-id=\"7fba3b47\" data-element_type=\"section\">\n\t\t\t\t\t\t<div class=\"elementor-container elementor-column-gap-default\">\n\t\t\t\t\t\t\t<div class=\"elementor-row\">\n\t\t\t\t\t<div class=\"elementor-column elementor-col-50 elementor-top-column elementor-element elementor-element-e351efa\" data-id=\"e351efa\" data-element_type=\"column\">\n\t\t\t<div class=\"elementor-column-wrap elementor-element-populated\">\n\t\t\t\t\t\t\t<div class=\"elementor-widget-wrap\">\n\t\t\t\t\t\t<div class=\"elementor-element elementor-element-978cea1 elementor-view-default elementor-widget elementor-widget-icon\" data-id=\"978cea1\" data-element_type=\"widget\" data-widget_type=\"icon.default\">\n\t\t\t\t<div class=\"elementor-widget-container\">\n\t\t\t\t\t<div class=\"elementor-icon-wrapper\">\n\t\t\t<a class=\"elementor-icon\" href=\"mailto:info@mcbiotech.it\">\n\t\t\t<i aria-hidden=\"true\" class=\"icon icon-email\"><\/i>\t\t\t<\/a>\n\t\t<\/div>\n\t\t\t\t<\/div>\n\t\t\t\t<\/div>\n\t\t\t\t<div class=\"elementor-element elementor-element-4c71d5ad elementor-widget elementor-widget-text-editor\" data-id=\"4c71d5ad\" data-element_type=\"widget\" data-widget_type=\"text-editor.default\">\n\t\t\t\t<div class=\"elementor-widget-container\">\n\t\t\t\t\t\t\t\t<div class=\"elementor-text-editor elementor-clearfix\">\n\t\t\t\t<p style=\"text-align: center;\"><span style=\"text-decoration: underline;\"><a href=\"mailto:info@mcbiotech.it\"><strong>Envoyer un e-mail<\/strong><\/a><\/span><\/p>\n\t\t\t\t\t<\/div>\n\t\t\t\t\t\t<\/div>\n\t\t\t\t<\/div>\n\t\t\t\t\t\t<\/div>\n\t\t\t\t\t<\/div>\n\t\t<\/div>\n\t\t\t\t<div class=\"elementor-column elementor-col-50 elementor-top-column elementor-element elementor-element-25efb434\" data-id=\"25efb434\" data-element_type=\"column\">\n\t\t\t<div class=\"elementor-column-wrap elementor-element-populated\">\n\t\t\t\t\t\t\t<div class=\"elementor-widget-wrap\">\n\t\t\t\t\t\t<div class=\"elementor-element elementor-element-53154a5f elementor-view-default elementor-widget elementor-widget-icon\" data-id=\"53154a5f\" data-element_type=\"widget\" data-widget_type=\"icon.default\">\n\t\t\t\t<div class=\"elementor-widget-container\">\n\t\t\t\t\t<div class=\"elementor-icon-wrapper\">\n\t\t\t<a class=\"elementor-icon\" href=\"https:\/\/www.mcbiotech.it\/fr\/contacts\/\">\n\t\t\t<i aria-hidden=\"true\" class=\"fab fa-wpforms\"><\/i>\t\t\t<\/a>\n\t\t<\/div>\n\t\t\t\t<\/div>\n\t\t\t\t<\/div>\n\t\t\t\t<div class=\"elementor-element elementor-element-69644d19 elementor-widget elementor-widget-text-editor\" data-id=\"69644d19\" data-element_type=\"widget\" data-widget_type=\"text-editor.default\">\n\t\t\t\t<div class=\"elementor-widget-container\">\n\t\t\t\t\t\t\t\t<div class=\"elementor-text-editor elementor-clearfix\">\n\t\t\t\t<p style=\"text-align: center;\"><span style=\"text-decoration: underline;\"><a href=\"https:\/\/www.mcbiotech.it\/fr\/contacts\/\"><strong>Remplir le formulaire<\/strong><\/a><\/span><\/p>\n\t\t\t\t\t<\/div>\n\t\t\t\t\t\t<\/div>\n\t\t\t\t<\/div>\n\t\t\t\t\t\t<\/div>\n\t\t\t\t\t<\/div>\n\t\t<\/div>\n\t\t\t\t\t\t\t\t<\/div>\n\t\t\t\t\t<\/div>\n\t\t<\/section>\n\t\t\t\t\t\t\t\t\t<\/div>\n\t\t\t<\/div>\n\t\t\t\t\t<\/div>\n\t\t","protected":false},"excerpt":{"rendered":"<p>Test de folate Test de mutation enzyme MTHFR (Folate) D\u00e9termination du polymorphisme 677C\/T g\u00e8ne enzyme MTHFR La mutation MTHFR est une anomalie g\u00e9n\u00e9tique qui entra\u00eene une r\u00e9duction\/perte d\u2019activit\u00e9 de l\u2019enzyme m\u00e9thyl\u00e8ne-t\u00e9trahydrofolate r\u00e9ductase. Cette enzyme intervient dans la conversion du 5,10-m\u00e9thyl\u00e8ne-t\u00e9trahydrofolate (THF) en 5-m\u00e9thyl-t\u00e9trahydrofolate (5-MTHF), mol\u00e9cule qui permet la rem\u00e9thylation de l\u2019homocyst\u00e9ine en m\u00e9thionine, en utilisant &hellip;<\/p>\n<p class=\"read-more\"> <a class=\"\" href=\"https:\/\/www.mcbiotech.it\/fr\/test-de-folate\/\"> <span class=\"screen-reader-text\">Test de folate<\/span> Lire la suite\u00a0\u00bb<\/a><\/p>\n","protected":false},"author":1,"featured_media":0,"parent":0,"menu_order":0,"comment_status":"closed","ping_status":"closed","template":"","meta":{"site-sidebar-layout":"no-sidebar","site-content-layout":"page-builder","ast-global-header-display":"","ast-main-header-display":"","ast-hfb-above-header-display":"","ast-hfb-below-header-display":"","ast-hfb-mobile-header-display":"","site-post-title":"disabled","ast-breadcrumbs-content":"","ast-featured-img":"disabled","footer-sml-layout":"","theme-transparent-header-meta":"default","adv-header-id-meta":"","stick-header-meta":"","header-above-stick-meta":"","header-main-stick-meta":"","header-below-stick-meta":""},"_links":{"self":[{"href":"https:\/\/www.mcbiotech.it\/fr\/wp-json\/wp\/v2\/pages\/2810"}],"collection":[{"href":"https:\/\/www.mcbiotech.it\/fr\/wp-json\/wp\/v2\/pages"}],"about":[{"href":"https:\/\/www.mcbiotech.it\/fr\/wp-json\/wp\/v2\/types\/page"}],"author":[{"embeddable":true,"href":"https:\/\/www.mcbiotech.it\/fr\/wp-json\/wp\/v2\/users\/1"}],"replies":[{"embeddable":true,"href":"https:\/\/www.mcbiotech.it\/fr\/wp-json\/wp\/v2\/comments?post=2810"}],"version-history":[{"count":9,"href":"https:\/\/www.mcbiotech.it\/fr\/wp-json\/wp\/v2\/pages\/2810\/revisions"}],"predecessor-version":[{"id":2970,"href":"https:\/\/www.mcbiotech.it\/fr\/wp-json\/wp\/v2\/pages\/2810\/revisions\/2970"}],"wp:attachment":[{"href":"https:\/\/www.mcbiotech.it\/fr\/wp-json\/wp\/v2\/media?parent=2810"}],"curies":[{"name":"wp","href":"https:\/\/api.w.org\/{rel}","templated":true}]}}